{"id":372,"date":"2022-12-03T00:05:27","date_gmt":"2022-12-02T23:05:27","guid":{"rendered":"http:\/\/triton-jazzband.de\/?page_id=372"},"modified":"2022-12-03T00:10:27","modified_gmt":"2022-12-02T23:10:27","slug":"impressum","status":"publish","type":"page","link":"http:\/\/triton-jazzband.de\/?page_id=372","title":{"rendered":"Impressum"},"content":{"rendered":"<h1>Impressum<\/h1>\n<h5>Angaben gem\u00e4\u00df \u00a7 5 TMG<\/h5>\n<p>Jochen Metze<br \/>\nGr\u00fcner Grund 58<br \/>\n48151 M\u00fcnster<\/p>\n<h5>Kontakt<\/h5>\n<p>Telefon: +491792253047<br \/>\nE-Mail: mail@drumbeat.de<\/p>\n<h5>EU-Streitschlichtung<\/h5>\n<p>Die Europ\u00e4ische Kommission stellt eine Plattform zur Online-Streitbeilegung (OS) bereit: <a href=\"https:\/\/ec.europa.eu\/consumers\/odr\/\" target=\"_blank\" rel=\"noopener noreferrer\">https:\/\/ec.europa.eu\/consumers\/odr\/<\/a>.<br \/>\nUnsere E-Mail-Adresse finden Sie oben im Impressum.<\/p>\n<h5>Verbraucher\u00adstreit\u00adbeilegung\/Universal\u00adschlichtungs\u00adstelle<\/h5>\n<p>Wir sind nicht bereit oder verpflichtet, an Streitbeilegungsverfahren vor einer Verbraucherschlichtungsstelle teilzunehmen.<\/p>\n<h5>Bildmaterial<\/h5>\n<p>Gerd Rieger<\/p>\n","protected":false},"excerpt":{"rendered":"<p>Impressum Angaben gem\u00e4\u00df \u00a7 5 TMG Jochen Metze Gr\u00fcner Grund 58 48151 M\u00fcnster Kontakt Telefon: +491792253047 E-Mail: mail@drumbeat.de EU-Streitschlichtung Die Europ\u00e4ische Kommission stellt eine Plattform zur Online-Streitbeilegung (OS) bereit: https:\/\/ec.europa.eu\/consumers\/odr\/. Unsere E-Mail-Adresse finden Sie oben im Impressum. Verbraucher\u00adstreit\u00adbeilegung\/Universal\u00adschlichtungs\u00adstelle Wir sind nicht bereit oder verpflichtet, an Streitbeilegungsverfahren vor einer Verbraucherschlichtungsstelle teilzunehmen. Bildmaterial Gerd Rieger<\/p>\n","protected":false},"author":2,"featured_media":0,"parent":0,"menu_order":0,"comment_status":"closed","ping_status":"closed","template":"","meta":{"footnotes":""},"class_list":["post-372","page","type-page","status-publish","hentry"],"_links":{"self":[{"href":"http:\/\/triton-jazzband.de\/index.php?rest_route=\/wp\/v2\/pages\/372","targetHints":{"allow":["GET"]}}],"collection":[{"href":"http:\/\/triton-jazzband.de\/index.php?rest_route=\/wp\/v2\/pages"}],"about":[{"href":"http:\/\/triton-jazzband.de\/index.php?rest_route=\/wp\/v2\/types\/page"}],"author":[{"embeddable":true,"href":"http:\/\/triton-jazzband.de\/index.php?rest_route=\/wp\/v2\/users\/2"}],"replies":[{"embeddable":true,"href":"http:\/\/triton-jazzband.de\/index.php?rest_route=%2Fwp%2Fv2%2Fcomments&post=372"}],"version-history":[{"count":4,"href":"http:\/\/triton-jazzband.de\/index.php?rest_route=\/wp\/v2\/pages\/372\/revisions"}],"predecessor-version":[{"id":378,"href":"http:\/\/triton-jazzband.de\/index.php?rest_route=\/wp\/v2\/pages\/372\/revisions\/378"}],"wp:attachment":[{"href":"http:\/\/triton-jazzband.de\/index.php?rest_route=%2Fwp%2Fv2%2Fmedia&parent=372"}],"curies":[{"name":"wp","href":"https:\/\/api.w.org\/{rel}","templated":true}]}}